{"id":59,"date":"2020-10-14T13:56:46","date_gmt":"2020-10-14T13:56:46","guid":{"rendered":"https:\/\/www.theroomtattoo.com\/?page_id=59"},"modified":"2026-03-21T11:42:18","modified_gmt":"2026-03-21T11:42:18","slug":"contacto","status":"publish","type":"page","link":"https:\/\/www.theroomtattoo.com\/index.php\/contacto\/","title":{"rendered":"Contacto"},"content":{"rendered":"\t\t<div data-elementor-type=\"wp-page\" data-elementor-id=\"59\" class=\"elementor elementor-59\">\n\t\t\t\t<div class=\"elementor-element elementor-element-8a91acf e-flex e-con-boxed e-con e-parent\" data-id=\"8a91acf\" data-element_type=\"container\">\n\t\t\t\t\t<div class=\"e-con-inner\">\n\t\t<div class=\"elementor-element elementor-element-dd4ba15 e-con-full e-flex e-con e-child\" data-id=\"dd4ba15\" data-element_type=\"container\" data-settings=\"{&quot;background_background&quot;:&quot;classic&quot;}\">\n\t\t\t\t<\/div>\n\t\t\t\t\t<\/div>\n\t\t\t\t<\/div>\n\t\t<div class=\"elementor-element elementor-element-6f4686f contacto e-flex e-con-boxed e-con e-parent\" data-id=\"6f4686f\" data-element_type=\"container\" data-settings=\"{&quot;background_background&quot;:&quot;classic&quot;}\">\n\t\t\t\t\t<div class=\"e-con-inner\">\n\t\t<div class=\"elementor-element elementor-element-5e9821c e-con-full e-flex e-con e-child\" data-id=\"5e9821c\" data-element_type=\"container\">\n\t\t\t\t<div class=\"elementor-element elementor-element-6d8d413 elementor-widget__width-initial elementor-widget-mobile__width-initial elementor-widget elementor-widget-heading\" data-id=\"6d8d413\" data-element_type=\"widget\" data-settings=\"{&quot;motion_fx_motion_fx_scrolling&quot;:&quot;yes&quot;,&quot;motion_fx_opacity_effect&quot;:&quot;yes&quot;,&quot;motion_fx_opacity_range&quot;:{&quot;unit&quot;:&quot;%&quot;,&quot;size&quot;:&quot;&quot;,&quot;sizes&quot;:{&quot;start&quot;:25,&quot;end&quot;:53}},&quot;motion_fx_opacity_direction&quot;:&quot;out-in&quot;,&quot;motion_fx_opacity_level&quot;:{&quot;unit&quot;:&quot;px&quot;,&quot;size&quot;:10,&quot;sizes&quot;:[]},&quot;motion_fx_devices&quot;:[&quot;desktop&quot;,&quot;tablet&quot;,&quot;mobile&quot;]}\" data-widget_type=\"heading.default\">\n\t\t\t\t<div class=\"elementor-widget-container\">\n\t\t\t\t\t<h2 class=\"elementor-heading-title elementor-size-default\">Contacto y Horarios<\/h2>\t\t\t\t<\/div>\n\t\t\t\t<\/div>\n\t\t\t\t<div class=\"elementor-element elementor-element-4ca92f3 elementor-widget__width-initial elementor-widget-mobile__width-initial elementor-widget elementor-widget-text-editor\" data-id=\"4ca92f3\" data-element_type=\"widget\" data-widget_type=\"text-editor.default\">\n\t\t\t\t<div class=\"elementor-widget-container\">\n\t\t\t\t\t\t\t\t\t<p><strong>\u00b7 Horario Lunes a viernes:<\/strong><br \/>10:00 a 14:00 y 16:00 a 20:00<br \/><strong>\u00b7 Horario S\u00e1bados:<\/strong><br \/>10:00 a 14:00 (domingos cerrados)<br \/><br \/><\/p><hr \/><p><strong><br \/>Cont\u00e1ctanos a:<\/strong><br \/>reservas@theroomtattoo.com<br \/>(+34) 951 769 345<br \/><br \/><\/p><hr \/><p><br \/><strong>Vis\u00edtanos:<\/strong><br \/>Cale Ori\u00f3n n\u00ba5 Local 7 \u00b7 Arroyo de la Miel\u00a0<br \/>M\u00e1laga \u00b7 C.P. 29631 \u00b7 Espa\u00f1a<br \/><em>*Frente a centro de salud Arroyo de la Miel<\/em><\/p>\t\t\t\t\t\t\t\t<\/div>\n\t\t\t\t<\/div>\n\t\t\t\t<div class=\"elementor-element elementor-element-bc193af elementor-widget elementor-widget-html\" data-id=\"bc193af\" data-element_type=\"widget\" data-widget_type=\"html.default\">\n\t\t\t\t<div class=\"elementor-widget-container\">\n\t\t\t\t\t<!-- Google Calendar Appointment Scheduling begin -->\n<link href=\"https:\/\/calendar.google.com\/calendar\/scheduling-button-script.css\" rel=\"stylesheet\">\n<script src=\"https:\/\/calendar.google.com\/calendar\/scheduling-button-script.js\" async><\/script>\n<script>\n(function() {\n  var target = document.currentScript;\n  window.addEventListener('load', function() {\n    calendar.schedulingButton.load({\n      url: 'https:\/\/calendar.google.com\/calendar\/appointments\/schedules\/AcZssZ0xzLxdpjred07Sc5ncR_hvqnpDzJmMBI22z0DmMHuPHKMuK0zIjJr0beyRjlLrEIop8acNT5nr?gv=true',\n      color: '#6a7771',\n      label: 'BOOK NOW',\n      target,\n    });\n  });\n})();\n<\/script>\n<!-- end Google Calendar Appointment Scheduling -->\t\t\t\t<\/div>\n\t\t\t\t<\/div>\n\t\t\t\t<\/div>\n\t\t\t\t<div class=\"elementor-element elementor-element-9f6fe91 elementor-widget__width-initial elementor-button-align-stretch elementor-widget elementor-widget-form\" data-id=\"9f6fe91\" data-element_type=\"widget\" data-settings=\"{&quot;step_next_label&quot;:&quot;Siguiente&quot;,&quot;step_previous_label&quot;:&quot;Anterior&quot;,&quot;button_width&quot;:&quot;100&quot;,&quot;step_type&quot;:&quot;number_text&quot;,&quot;step_icon_shape&quot;:&quot;circle&quot;}\" data-widget_type=\"form.default\">\n\t\t\t\t<div class=\"elementor-widget-container\">\n\t\t\t\t\t\t\t<form class=\"elementor-form\" method=\"post\" name=\"Nuevo formulario\">\n\t\t\t<input type=\"hidden\" name=\"post_id\" value=\"59\"\/>\n\t\t\t<input type=\"hidden\" name=\"form_id\" value=\"9f6fe91\"\/>\n\t\t\t<input type=\"hidden\" name=\"referer_title\" value=\"The Room Tattoo\" \/>\n\n\t\t\t\n\t\t\t<div class=\"elementor-form-fields-wrapper elementor-labels-above\">\n\t\t\t\t\t\t\t\t<div class=\"elementor-field-type-text elementor-field-group elementor-column elementor-field-group-name elementor-col-100\">\n\t\t\t\t\t\t\t\t\t\t\t\t\t<input size=\"1\" type=\"text\" name=\"form_fields[name]\" id=\"form-field-name\" class=\"elementor-field elementor-size-sm  elementor-field-textual\" placeholder=\"Nombre\">\n\t\t\t\t\t\t\t\t\t\t\t<\/div>\n\t\t\t\t\t\t\t\t<div class=\"elementor-field-type-email elementor-field-group elementor-column elementor-field-group-email elementor-col-100 elementor-field-required\">\n\t\t\t\t\t\t\t\t\t\t\t\t\t<input size=\"1\" type=\"email\" name=\"form_fields[email]\" id=\"form-field-email\" class=\"elementor-field elementor-size-sm  elementor-field-textual\" placeholder=\"Correo electr\u00f3nico\" required=\"required\" aria-required=\"true\">\n\t\t\t\t\t\t\t\t\t\t\t<\/div>\n\t\t\t\t\t\t\t\t<div class=\"elementor-field-type-tel elementor-field-group elementor-column elementor-field-group-field_e20cbca elementor-col-100 elementor-field-required\">\n\t\t\t\t\t\t\t<input size=\"1\" type=\"tel\" name=\"form_fields[field_e20cbca]\" id=\"form-field-field_e20cbca\" class=\"elementor-field elementor-size-sm  elementor-field-textual\" placeholder=\"N\u00ba de Tel\u00e9fono\" required=\"required\" aria-required=\"true\" pattern=\"[0-9()#&amp;+*-=.]+\" title=\"Solo se aceptan n\u00fameros y caracteres de tel\u00e9fono (#,-,*,etc).\">\n\n\t\t\t\t\t\t<\/div>\n\t\t\t\t\t\t\t\t<div class=\"elementor-field-type-select elementor-field-group elementor-column elementor-field-group-field_dd8e45c elementor-col-100 elementor-field-required\">\n\t\t\t\t\t\t\t<div class=\"elementor-field elementor-select-wrapper \">\n\t\t\t<select name=\"form_fields[field_dd8e45c]\" id=\"form-field-field_dd8e45c\" class=\"elementor-field-textual elementor-size-sm\" required=\"required\" aria-required=\"true\">\n\t\t\t\t\t\t\t\t\t<option value=\"Quiero una cita \">Quiero una cita <\/option>\n\t\t\t\t\t\t\t\t\t<option value=\"Consultar sobre mi cita ya existente\">Consultar sobre mi cita ya existente<\/option>\n\t\t\t\t\t\t\t\t\t<option value=\"Dudas y preguntas\">Dudas y preguntas<\/option>\n\t\t\t\t\t\t\t<\/select>\n\t\t<\/div>\n\t\t\t\t\t\t<\/div>\n\t\t\t\t\t\t\t\t<div class=\"elementor-field-type-textarea elementor-field-group elementor-column elementor-field-group-message elementor-col-100\">\n\t\t\t\t\t<textarea class=\"elementor-field-textual elementor-field  elementor-size-sm\" name=\"form_fields[message]\" id=\"form-field-message\" rows=\"4\" placeholder=\"Escribe tu mensaje....\"><\/textarea>\t\t\t\t<\/div>\n\t\t\t\t\t\t\t\t<div class=\"elementor-field-group elementor-column elementor-field-type-submit elementor-col-100 e-form__buttons\">\n\t\t\t\t\t<button type=\"submit\" class=\"elementor-button elementor-size-sm\">\n\t\t\t\t\t\t<span >\n\t\t\t\t\t\t\t\t\t\t\t\t\t\t\t<span class=\" elementor-button-icon\">\n\t\t\t\t\t\t\t\t\t\t\t\t\t\t\t\t\t\t\t\t\t\t\t\t\t\t<\/span>\n\t\t\t\t\t\t\t\t\t\t\t\t\t\t\t\t\t\t\t\t\t\t<span class=\"elementor-button-text\">ENVIAR<\/span>\n\t\t\t\t\t\t\t\t\t\t\t\t\t<\/span>\n\t\t\t\t\t<\/button>\n\t\t\t\t<\/div>\n\t\t\t<\/div>\n\t\t<\/form>\n\t\t\t\t\t\t<\/div>\n\t\t\t\t<\/div>\n\t\t\t\t\t<\/div>\n\t\t\t\t<\/div>\n\t\t\t\t<\/div>\n\t\t","protected":false},"excerpt":{"rendered":"<p>Contacto y Horarios \u00b7 Horario Lunes a viernes:10:00 a 14:00 y 16:00 a 20:00\u00b7 Horario S\u00e1bados:10:00 a 14:00 (domingos cerrados) Cont\u00e1ctanos a:reservas@theroomtattoo.com(+34) 951 769 345 Vis\u00edtanos:Cale Ori\u00f3n n\u00ba5 Local 7 \u00b7 Arroyo de la Miel\u00a0M\u00e1laga \u00b7 C.P. 29631 \u00b7 Espa\u00f1a*Frente a centro de salud Arroyo de la Miel<\/p>\n","protected":false},"author":1,"featured_media":0,"parent":0,"menu_order":0,"comment_status":"closed","ping_status":"closed","template":"","meta":{"footnotes":""},"class_list":["post-59","page","type-page","status-publish","hentry"],"yoast_head":"<!-- This site is optimized with the Yoast SEO plugin v17.8 - https:\/\/yoast.com\/wordpress\/plugins\/seo\/ -->\n<title>Contacto - The Room Tattoo<\/title>\n<meta name=\"robots\" content=\"index, follow, max-snippet:-1, max-image-preview:large, max-video-preview:-1\" \/>\n<link rel=\"canonical\" href=\"https:\/\/www.theroomtattoo.com\/index.php\/contacto\/\" \/>\n<meta property=\"og:locale\" content=\"es_ES\" \/>\n<meta property=\"og:type\" content=\"article\" \/>\n<meta property=\"og:title\" content=\"Contacto - The Room Tattoo\" \/>\n<meta property=\"og:description\" content=\"Contacto y Horarios \u00b7 Horario Lunes a viernes:10:00 a 14:00 y 16:00 a 20:00\u00b7 Horario S\u00e1bados:10:00 a 14:00 (domingos cerrados) Cont\u00e1ctanos a:reservas@theroomtattoo.com(+34) 951 769 345 Vis\u00edtanos:Cale Ori\u00f3n n\u00ba5 Local 7 \u00b7 Arroyo de la Miel\u00a0M\u00e1laga \u00b7 C.P. 29631 \u00b7 Espa\u00f1a*Frente a centro de salud Arroyo de la Miel\" \/>\n<meta property=\"og:url\" content=\"https:\/\/www.theroomtattoo.com\/index.php\/contacto\/\" \/>\n<meta property=\"og:site_name\" content=\"The Room Tattoo\" \/>\n<meta property=\"article:modified_time\" content=\"2026-03-21T11:42:18+00:00\" \/>\n<meta name=\"twitter:card\" content=\"summary_large_image\" \/>\n<script type=\"application\/ld+json\" class=\"yoast-schema-graph\">{\"@context\":\"https:\/\/schema.org\",\"@graph\":[{\"@type\":\"WebSite\",\"@id\":\"https:\/\/www.theroomtattoo.com\/#website\",\"url\":\"https:\/\/www.theroomtattoo.com\/\",\"name\":\"The Room Tattoo\",\"description\":\"Estudio profesional de Tatuajes en M&aacute;laga\",\"potentialAction\":[{\"@type\":\"SearchAction\",\"target\":{\"@type\":\"EntryPoint\",\"urlTemplate\":\"https:\/\/www.theroomtattoo.com\/?s={search_term_string}\"},\"query-input\":\"required name=search_term_string\"}],\"inLanguage\":\"es\"},{\"@type\":\"WebPage\",\"@id\":\"https:\/\/www.theroomtattoo.com\/index.php\/contacto\/#webpage\",\"url\":\"https:\/\/www.theroomtattoo.com\/index.php\/contacto\/\",\"name\":\"Contacto - The Room Tattoo\",\"isPartOf\":{\"@id\":\"https:\/\/www.theroomtattoo.com\/#website\"},\"datePublished\":\"2020-10-14T13:56:46+00:00\",\"dateModified\":\"2026-03-21T11:42:18+00:00\",\"breadcrumb\":{\"@id\":\"https:\/\/www.theroomtattoo.com\/index.php\/contacto\/#breadcrumb\"},\"inLanguage\":\"es\",\"potentialAction\":[{\"@type\":\"ReadAction\",\"target\":[\"https:\/\/www.theroomtattoo.com\/index.php\/contacto\/\"]}]},{\"@type\":\"BreadcrumbList\",\"@id\":\"https:\/\/www.theroomtattoo.com\/index.php\/contacto\/#breadcrumb\",\"itemListElement\":[{\"@type\":\"ListItem\",\"position\":1,\"name\":\"Portada\",\"item\":\"https:\/\/www.theroomtattoo.com\/\"},{\"@type\":\"ListItem\",\"position\":2,\"name\":\"Contacto\"}]}]}<\/script>\n<!-- \/ Yoast SEO plugin. -->","yoast_head_json":{"title":"Contacto - The Room Tattoo","robots":{"index":"index","follow":"follow","max-snippet":"max-snippet:-1","max-image-preview":"max-image-preview:large","max-video-preview":"max-video-preview:-1"},"canonical":"https:\/\/www.theroomtattoo.com\/index.php\/contacto\/","og_locale":"es_ES","og_type":"article","og_title":"Contacto - The Room Tattoo","og_description":"Contacto y Horarios \u00b7 Horario Lunes a viernes:10:00 a 14:00 y 16:00 a 20:00\u00b7 Horario S\u00e1bados:10:00 a 14:00 (domingos cerrados) Cont\u00e1ctanos a:reservas@theroomtattoo.com(+34) 951 769 345 Vis\u00edtanos:Cale Ori\u00f3n n\u00ba5 Local 7 \u00b7 Arroyo de la Miel\u00a0M\u00e1laga \u00b7 C.P. 29631 \u00b7 Espa\u00f1a*Frente a centro de salud Arroyo de la Miel","og_url":"https:\/\/www.theroomtattoo.com\/index.php\/contacto\/","og_site_name":"The Room Tattoo","article_modified_time":"2026-03-21T11:42:18+00:00","twitter_card":"summary_large_image","schema":{"@context":"https:\/\/schema.org","@graph":[{"@type":"WebSite","@id":"https:\/\/www.theroomtattoo.com\/#website","url":"https:\/\/www.theroomtattoo.com\/","name":"The Room Tattoo","description":"Estudio profesional de Tatuajes en M&aacute;laga","potentialAction":[{"@type":"SearchAction","target":{"@type":"EntryPoint","urlTemplate":"https:\/\/www.theroomtattoo.com\/?s={search_term_string}"},"query-input":"required name=search_term_string"}],"inLanguage":"es"},{"@type":"WebPage","@id":"https:\/\/www.theroomtattoo.com\/index.php\/contacto\/#webpage","url":"https:\/\/www.theroomtattoo.com\/index.php\/contacto\/","name":"Contacto - The Room Tattoo","isPartOf":{"@id":"https:\/\/www.theroomtattoo.com\/#website"},"datePublished":"2020-10-14T13:56:46+00:00","dateModified":"2026-03-21T11:42:18+00:00","breadcrumb":{"@id":"https:\/\/www.theroomtattoo.com\/index.php\/contacto\/#breadcrumb"},"inLanguage":"es","potentialAction":[{"@type":"ReadAction","target":["https:\/\/www.theroomtattoo.com\/index.php\/contacto\/"]}]},{"@type":"BreadcrumbList","@id":"https:\/\/www.theroomtattoo.com\/index.php\/contacto\/#breadcrumb","itemListElement":[{"@type":"ListItem","position":1,"name":"Portada","item":"https:\/\/www.theroomtattoo.com\/"},{"@type":"ListItem","position":2,"name":"Contacto"}]}]}},"_links":{"self":[{"href":"https:\/\/www.theroomtattoo.com\/index.php\/wp-json\/wp\/v2\/pages\/59","targetHints":{"allow":["GET"]}}],"collection":[{"href":"https:\/\/www.theroomtattoo.com\/index.php\/wp-json\/wp\/v2\/pages"}],"about":[{"href":"https:\/\/www.theroomtattoo.com\/index.php\/wp-json\/wp\/v2\/types\/page"}],"author":[{"embeddable":true,"href":"https:\/\/www.theroomtattoo.com\/index.php\/wp-json\/wp\/v2\/users\/1"}],"replies":[{"embeddable":true,"href":"https:\/\/www.theroomtattoo.com\/index.php\/wp-json\/wp\/v2\/comments?post=59"}],"version-history":[{"count":16,"href":"https:\/\/www.theroomtattoo.com\/index.php\/wp-json\/wp\/v2\/pages\/59\/revisions"}],"predecessor-version":[{"id":1534,"href":"https:\/\/www.theroomtattoo.com\/index.php\/wp-json\/wp\/v2\/pages\/59\/revisions\/1534"}],"wp:attachment":[{"href":"https:\/\/www.theroomtattoo.com\/index.php\/wp-json\/wp\/v2\/media?parent=59"}],"curies":[{"name":"wp","href":"https:\/\/api.w.org\/{rel}","templated":true}]}}